{"id":13559,"date":"2026-01-25T16:29:53","date_gmt":"2026-01-25T16:29:53","guid":{"rendered":"http:\/\/www.royalwhiteproperty.com\/blog\/"},"modified":"2026-04-05T11:51:27","modified_gmt":"2026-04-05T11:51:27","slug":"blog","status":"publish","type":"page","link":"http:\/\/www.royalwhiteproperty.com\/tr\/blog\/","title":{"rendered":"Blog"},"content":{"rendered":"<style>.kb-row-layout-id13559_424793-3c > .kt-row-column-wrap{align-content:start;}:where(.kb-row-layout-id13559_424793-3c > .kt-row-column-wrap) > .wp-block-kadence-column{justify-content:start;}.kb-row-layout-id13559_424793-3c > .kt-row-column-wrap{column-gap:var(--global-kb-gap-md, 2rem);row-gap:var(--global-kb-gap-md, 2rem);max-width:var( --global-content-width, 1290px );padding-left:var(--global-content-edge-padding);padding-right:var(--global-content-edge-padding);padding-top:100px;padding-bottom:24px;grid-template-columns:minmax(0, 1fr);}.kb-row-layout-id13559_424793-3c > .kt-row-layout-overlay{opacity:0.30;}@media all and (max-width: 1024px){.kb-row-layout-id13559_424793-3c > .kt-row-column-wrap{grid-template-columns:minmax(0, 1fr);}}@media all and (max-width: 767px){.kb-row-layout-id13559_424793-3c > .kt-row-column-wrap{grid-template-columns:minmax(0, 1fr);}}<\/style><div class=\"kb-row-layout-wrap kb-row-layout-id13559_424793-3c alignfull has-theme-palette9-background-color kt-row-has-bg wp-block-kadence-rowlayout\"><div class=\"kt-row-column-wrap kt-has-1-columns kt-row-layout-equal kt-tab-layout-inherit kt-mobile-layout-row kt-row-valign-top kb-theme-content-width\">\n<style>.kadence-column13559_da6003-30 > .kt-inside-inner-col,.kadence-column13559_da6003-30 > .kt-inside-inner-col:before{border-top-left-radius:0px;border-top-right-radius:0px;border-bottom-right-radius:0px;border-bottom-left-radius:0px;}.kadence-column13559_da6003-30 > .kt-inside-inner-col{column-gap:var(--global-kb-gap-sm, 1rem);}.kadence-column13559_da6003-30 > .kt-inside-inner-col{flex-direction:column;}.kadence-column13559_da6003-30 > .kt-inside-inner-col > .aligncenter{width:100%;}.kadence-column13559_da6003-30 > .kt-inside-inner-col:before{opacity:0.3;}.kadence-column13559_da6003-30{position:relative;}@media all and (max-width: 1024px){.kadence-column13559_da6003-30 > .kt-inside-inner-col{flex-direction:column;justify-content:center;}}@media all and (max-width: 767px){.kadence-column13559_da6003-30 > .kt-inside-inner-col{flex-direction:column;justify-content:center;}}<\/style>\n<div class=\"wp-block-kadence-column kadence-column13559_da6003-30\"><div class=\"kt-inside-inner-col\"><style>.wp-block-kadence-advancedheading.kt-adv-heading13559_2d9e48-65, .wp-block-kadence-advancedheading.kt-adv-heading13559_2d9e48-65[data-kb-block=\"kb-adv-heading13559_2d9e48-65\"]{display:block;margin-bottom:var(--global-kb-spacing-xs, 1rem);text-align:left;font-size:11px;font-weight:400;font-style:normal;font-family:Inter;text-transform:uppercase;letter-spacing:1px;color:#1d8660;}.wp-block-kadence-advancedheading.kt-adv-heading13559_2d9e48-65 mark.kt-highlight, .wp-block-kadence-advancedheading.kt-adv-heading13559_2d9e48-65[data-kb-block=\"kb-adv-heading13559_2d9e48-65\"] mark.kt-highlight{font-style:normal;color:#f76a0c;-webkit-box-decoration-break:clone;box-decoration-break:clone;padding-top:0px;padding-right:0px;padding-bottom:0px;padding-left:0px;}.wp-block-kadence-advancedheading.kt-adv-heading13559_2d9e48-65 img.kb-inline-image, .wp-block-kadence-advancedheading.kt-adv-heading13559_2d9e48-65[data-kb-block=\"kb-adv-heading13559_2d9e48-65\"] img.kb-inline-image{width:150px;vertical-align:baseline;}@media all and (max-width: 1024px){.wp-block-kadence-advancedheading.kt-adv-heading13559_2d9e48-65, .wp-block-kadence-advancedheading.kt-adv-heading13559_2d9e48-65[data-kb-block=\"kb-adv-heading13559_2d9e48-65\"]{text-align:center!important;}}<\/style>\n<span class=\"kt-adv-heading13559_2d9e48-65 wp-block-kadence-advancedheading\" data-kb-block=\"kb-adv-heading13559_2d9e48-65\">RW Blog<\/span>\n\n\n<style>.wp-block-kadence-advancedheading.kt-adv-heading13559_af56b5-35, .wp-block-kadence-advancedheading.kt-adv-heading13559_af56b5-35[data-kb-block=\"kb-adv-heading13559_af56b5-35\"]{max-width:708px;margin-top:0px;margin-bottom:0px;text-align:left;font-size:56px;line-height:1.2;font-weight:400;font-style:normal;font-family:'Cormorant Garamond';color:#000000;}.wp-block-kadence-advancedheading.kt-adv-heading13559_af56b5-35 mark.kt-highlight, .wp-block-kadence-advancedheading.kt-adv-heading13559_af56b5-35[data-kb-block=\"kb-adv-heading13559_af56b5-35\"] mark.kt-highlight{font-style:normal;color:#f76a0c;-webkit-box-decoration-break:clone;box-decoration-break:clone;padding-top:0px;padding-right:0px;padding-bottom:0px;padding-left:0px;}.wp-block-kadence-advancedheading.kt-adv-heading13559_af56b5-35 img.kb-inline-image, .wp-block-kadence-advancedheading.kt-adv-heading13559_af56b5-35[data-kb-block=\"kb-adv-heading13559_af56b5-35\"] img.kb-inline-image{width:150px;vertical-align:baseline;}@media all and (max-width: 1024px){.wp-block-kadence-advancedheading.kt-adv-heading13559_af56b5-35, .wp-block-kadence-advancedheading.kt-adv-heading13559_af56b5-35[data-kb-block=\"kb-adv-heading13559_af56b5-35\"]{text-align:center!important;}}<\/style>\n<h1 class=\"kt-adv-heading13559_af56b5-35 wp-block-kadence-advancedheading\" data-kb-block=\"kb-adv-heading13559_af56b5-35\">Al\u0131c\u0131lar ve Sat\u0131c\u0131lar \u0130\u00e7in Rehber<\/h1>\n\n\n<style>.wp-block-kadence-advancedheading.kt-adv-heading13559_d8c1b9-34, .wp-block-kadence-advancedheading.kt-adv-heading13559_d8c1b9-34[data-kb-block=\"kb-adv-heading13559_d8c1b9-34\"]{max-width:625px;padding-top:10px;text-align:left;font-size:15px;font-weight:400;font-style:normal;font-family:Inter;letter-spacing:1px;color:rgba(0,0,0,0.8);}.wp-block-kadence-advancedheading.kt-adv-heading13559_d8c1b9-34 mark.kt-highlight, .wp-block-kadence-advancedheading.kt-adv-heading13559_d8c1b9-34[data-kb-block=\"kb-adv-heading13559_d8c1b9-34\"] mark.kt-highlight{font-style:normal;color:#f76a0c;-webkit-box-decoration-break:clone;box-decoration-break:clone;padding-top:0px;padding-right:0px;padding-bottom:0px;padding-left:0px;}.wp-block-kadence-advancedheading.kt-adv-heading13559_d8c1b9-34 img.kb-inline-image, .wp-block-kadence-advancedheading.kt-adv-heading13559_d8c1b9-34[data-kb-block=\"kb-adv-heading13559_d8c1b9-34\"] img.kb-inline-image{width:150px;vertical-align:baseline;}@media all and (max-width: 1024px){.wp-block-kadence-advancedheading.kt-adv-heading13559_d8c1b9-34, .wp-block-kadence-advancedheading.kt-adv-heading13559_d8c1b9-34[data-kb-block=\"kb-adv-heading13559_d8c1b9-34\"]{text-align:center!important;}}<\/style>\n<p class=\"kt-adv-heading13559_d8c1b9-34 wp-block-kadence-advancedheading\" data-kb-block=\"kb-adv-heading13559_d8c1b9-34\">Ekibimiz, sat\u0131\u015f i\u00e7in en iyi yat\u0131r\u0131m lokasyonlar\u0131 hakk\u0131nda bilgi payla\u015f\u0131r. Al\u0131c\u0131lar i\u00e7in ipu\u00e7lar\u0131 ve sat\u0131c\u0131lar i\u00e7in uzmanlar\u0131m\u0131zdan stratejiler sunar. <br><a href=\"https:\/\/real-refined-main.vercel.app\/projects\" target=\"_blank\" rel=\"noopener\"><\/a><\/p>\n<\/div><\/div>\n\n<\/div><\/div>\n\n<style>.kb-row-layout-id13559_92cd99-59 > .kt-row-column-wrap{align-content:start;}:where(.kb-row-layout-id13559_92cd99-59 > .kt-row-column-wrap) > .wp-block-kadence-column{justify-content:start;}.kb-row-layout-id13559_92cd99-59 > .kt-row-column-wrap{column-gap:var(--global-kb-gap-md, 2rem);row-gap:var(--global-kb-gap-md, 2rem);max-width:var( --global-content-width, 1290px );padding-left:var(--global-content-edge-padding);padding-right:var(--global-content-edge-padding);padding-top:var(--global-kb-spacing-sm, 1.5rem);padding-bottom:var(--global-kb-spacing-sm, 1.5rem);grid-template-columns:minmax(0, 1fr);}.kb-row-layout-id13559_92cd99-59 > .kt-row-layout-overlay{opacity:0.30;}@media all and (max-width: 1024px){.kb-row-layout-id13559_92cd99-59 > .kt-row-column-wrap{grid-template-columns:minmax(0, 1fr);}}@media all and (max-width: 767px){.kb-row-layout-id13559_92cd99-59 > .kt-row-column-wrap{grid-template-columns:minmax(0, 1fr);}}<\/style><div class=\"kb-row-layout-wrap kb-row-layout-id13559_92cd99-59 alignnone wp-block-kadence-rowlayout\"><div class=\"kt-row-column-wrap kt-has-1-columns kt-row-layout-equal kt-tab-layout-inherit kt-mobile-layout-row kt-row-valign-top kb-theme-content-width\">\n<style>.kadence-column13559_289f76-4c > .kt-inside-inner-col,.kadence-column13559_289f76-4c > .kt-inside-inner-col:before{border-top-left-radius:0px;border-top-right-radius:0px;border-bottom-right-radius:0px;border-bottom-left-radius:0px;}.kadence-column13559_289f76-4c > .kt-inside-inner-col{column-gap:var(--global-kb-gap-sm, 1rem);}.kadence-column13559_289f76-4c > .kt-inside-inner-col{flex-direction:column;}.kadence-column13559_289f76-4c > .kt-inside-inner-col > .aligncenter{width:100%;}.kadence-column13559_289f76-4c > .kt-inside-inner-col:before{opacity:0.3;}.kadence-column13559_289f76-4c{position:relative;}@media all and (max-width: 1024px){.kadence-column13559_289f76-4c > .kt-inside-inner-col{flex-direction:column;justify-content:center;}}@media all and (max-width: 767px){.kadence-column13559_289f76-4c > .kt-inside-inner-col{flex-direction:column;justify-content:center;}}<\/style>\n<div class=\"wp-block-kadence-column kadence-column13559_289f76-4c\"><div class=\"kt-inside-inner-col\">    <style>\r\n        \/* Container Layout *\/\r\n        .cbg-container { max-width: 1400px; margin: 0 auto; padding: 20px 0; }\r\n        .cbg-grid { display: grid; grid-template-columns: repeat(4, 1fr); gap: 30px; }\r\n\r\n        @media (max-width: 1024px) { .cbg-grid { grid-template-columns: repeat(2, 1fr); } }\r\n        @media (max-width: 767px) { .cbg-grid { grid-template-columns: 1fr; } }\r\n\r\n        \/* Card Design *\/\r\n        .cbg-card { background: transparent; display: flex; flex-direction: column; border: none; overflow: hidden; }\r\n        .cbg-image-wrapper { position: relative; width: 100%; padding-top: 66%; overflow: hidden; margin-bottom: 15px; }\r\n        .cbg-image-wrapper img { position: absolute; top: 0; left: 0; width: 100%; height: 100%; object-fit: cover; transition: transform 0.3s ease; }\r\n        .cbg-card:hover .cbg-image-wrapper img { transform: scale(1.05); }\r\n\r\n        \/* Content Typography *\/\r\n        .cbg-meta-cat { color: #2E8B57; font-family: 'Inter', sans-serif; font-size: 11px; font-weight: 700; text-transform: uppercase; letter-spacing: 0.5px; margin-bottom: 5px; display: inline-block; line-height: 1; }\r\n        .cbg-title { margin: 10px 0 10px 0 !important; padding: 0 !important; line-height: 1.2 !important; }\r\n        .cbg-title a { font-family: 'Cormorant Garamond', serif; font-weight: 400; font-size: 26px; color: #1a1a1a; text-decoration: none; transition: color 0.2s; display: block; }\r\n        .cbg-title a:hover { color: #2E8B57; }\r\n        .cbg-excerpt { font-family: 'Inter', sans-serif; font-size: 15px; color: #555; line-height: 1.5; margin-bottom: 12px; display: -webkit-box; -webkit-line-clamp: 3; -webkit-box-orient: vertical; overflow: hidden; }\r\n        .cbg-date { font-family: 'Inter', sans-serif; font-size: 13px; color: #999; margin-top: auto; }\r\n\r\n        \/* Pagination Styles *\/\r\n        .cbg-pagination { margin-top: 40px; text-align: center; font-family: 'Inter', sans-serif; }\r\n        .cbg-pagination .page-numbers { display: inline-block; padding: 8px 16px; margin: 0 4px; border: 1px solid #ddd; color: #333; text-decoration: none; border-radius: 4px; transition: 0.3s; }\r\n        .cbg-pagination .page-numbers.current, .cbg-pagination .page-numbers:hover { background: #2E8B57; color: #fff; border-color: #2E8B57; }\r\n    <\/style>\r\n\r\n    <div class=\"cbg-container\">\r\n        <div class=\"cbg-grid\">\r\n                                                <article class=\"cbg-card\">\r\n                        <div class=\"cbg-image-wrapper\">\r\n                                                            <a href=\"http:\/\/www.royalwhiteproperty.com\/tr\/dubai-gayrimenkul-fiyat-spektrumu-2025\/\">\r\n                                    <img loading=\"lazy\" decoding=\"async\" width=\"768\" height=\"432\" src=\"https:\/\/www.royalwhiteproperty.com\/wp-content\/uploads\/2026\/01\/hero-villa-BtjyJ1Me-768x432.jpg\" class=\"attachment-medium_large size-medium_large wp-post-image\" alt=\"\" srcset=\"https:\/\/www.royalwhiteproperty.com\/wp-content\/uploads\/2026\/01\/hero-villa-BtjyJ1Me-768x432.jpg 768w, https:\/\/www.royalwhiteproperty.com\/wp-content\/uploads\/2026\/01\/hero-villa-BtjyJ1Me-300x169.jpg 300w, https:\/\/www.royalwhiteproperty.com\/wp-content\/uploads\/2026\/01\/hero-villa-BtjyJ1Me-1024x576.jpg 1024w, https:\/\/www.royalwhiteproperty.com\/wp-content\/uploads\/2026\/01\/hero-villa-BtjyJ1Me-1536x864.jpg 1536w, https:\/\/www.royalwhiteproperty.com\/wp-content\/uploads\/2026\/01\/hero-villa-BtjyJ1Me.jpg 1920w\" sizes=\"auto, (max-width: 768px) 100vw, 768px\" \/>                                <\/a>\r\n                                                    <\/div>\r\n                        \r\n                        <div class=\"cbg-content\">\r\n                            <span class=\"cbg-meta-cat\">Uncategorized @tr<\/span>                            \r\n                            <h3 class=\"cbg-title\">\r\n                                <a href=\"http:\/\/www.royalwhiteproperty.com\/tr\/dubai-gayrimenkul-fiyat-spektrumu-2025\/\">Dubai Gayrimenkul Fiyat Spektrumu 2025<\/a>\r\n                            <\/h3>\r\n\r\n                            <div class=\"cbg-excerpt\">\r\n                                Lorem Ipsum, bask\u0131 ve dizgi end\u00fcstrisinin basit bir \u00f6rnek metnidir. Lorem Ipsum, 1500\u2019l\u00fc y\u0131llardan bu...                            <\/div>\r\n\r\n                            <div class=\"cbg-date\">\r\n                                Oca 15, 2026                            <\/div>\r\n                        <\/div>\r\n                    <\/article>\r\n                                    <\/div>\r\n\r\n                    <div class=\"cbg-pagination\">\r\n                            <\/div>\r\n            <\/div>\r\n\r\n    \n<\/div><\/div>\n\n<\/div><\/div>","protected":false},"excerpt":{"rendered":"<p>RW Blog Al\u0131c\u0131lar ve Sat\u0131c\u0131lar \u0130\u00e7in Rehber Ekibimiz, sat\u0131\u015f i\u00e7in en iyi yat\u0131r\u0131m lokasyonlar\u0131 hakk\u0131nda bilgi payla\u015f\u0131r. Al\u0131c\u0131lar i\u00e7in ipu\u00e7lar\u0131 ve sat\u0131c\u0131lar i\u00e7in uzmanlar\u0131m\u0131zdan stratejiler sunar.<\/p>\n","protected":false},"author":4,"featured_media":0,"parent":0,"menu_order":0,"comment_status":"closed","ping_status":"closed","template":"","meta":{"_acf_changed":false,"_kad_blocks_custom_css":"","_kad_blocks_head_custom_js":"","_kad_blocks_body_custom_js":"","_kad_blocks_footer_custom_js":"","_kad_post_transparent":"","_kad_post_title":"hide","_kad_post_layout":"fullwidth","_kad_post_sidebar_id":"","_kad_post_content_style":"","_kad_post_vertical_padding":"","_kad_post_feature":"","_kad_post_feature_position":"","_kad_post_header":false,"_kad_post_footer":false,"_kad_post_classname":"","footnotes":""},"class_list":["post-13559","page","type-page","status-publish","hentry"],"acf":[],"taxonomy_info":[],"featured_image_src_large":false,"author_info":{"display_name":"royalwhite_admin","author_link":"https:\/\/www.royalwhiteproperty.com\/tr\/author\/royalwhite_admin\/"},"comment_info":0,"_links":{"self":[{"href":"https:\/\/www.royalwhiteproperty.com\/tr\/wp-json\/wp\/v2\/pages\/13559","targetHints":{"allow":["GET"]}}],"collection":[{"href":"https:\/\/www.royalwhiteproperty.com\/tr\/wp-json\/wp\/v2\/pages"}],"about":[{"href":"https:\/\/www.royalwhiteproperty.com\/tr\/wp-json\/wp\/v2\/types\/page"}],"author":[{"embeddable":true,"href":"https:\/\/www.royalwhiteproperty.com\/tr\/wp-json\/wp\/v2\/users\/4"}],"replies":[{"embeddable":true,"href":"https:\/\/www.royalwhiteproperty.com\/tr\/wp-json\/wp\/v2\/comments?post=13559"}],"version-history":[{"count":3,"href":"https:\/\/www.royalwhiteproperty.com\/tr\/wp-json\/wp\/v2\/pages\/13559\/revisions"}],"predecessor-version":[{"id":13623,"href":"https:\/\/www.royalwhiteproperty.com\/tr\/wp-json\/wp\/v2\/pages\/13559\/revisions\/13623"}],"wp:attachment":[{"href":"https:\/\/www.royalwhiteproperty.com\/tr\/wp-json\/wp\/v2\/media?parent=13559"}],"curies":[{"name":"wp","href":"https:\/\/api.w.org\/{rel}","templated":true}]}}